{"id":31,"date":"2008-08-31T11:39:49","date_gmt":"2008-08-31T08:39:49","guid":{"rendered":"http:\/\/www.kurufasulye.com\/?page_id=31"},"modified":"2008-08-31T11:39:49","modified_gmt":"2008-08-31T08:39:49","slug":"iletisim","status":"publish","type":"page","link":"http:\/\/www.kurufasulye.com\/?page_id=31","title":{"rendered":"\u0130leti\u015fim"},"content":{"rendered":"<p>\u0130leti\u015fim kurmaya karar verdim.<\/p>\n<p>bana ula\u015fmak i\u00e7in<\/p>\n<p>pilav@kurufasulye.com<\/p>\n<p>adresine bir mail g\u00f6nderebilirsiniz.<\/p>\n<p>&#8211;<\/p>\n","protected":false},"excerpt":{"rendered":"<p>\u0130leti\u015fim kurmaya karar verdim. bana ula\u015fmak i\u00e7in pilav@kurufasulye.com adresine bir mail g\u00f6nderebilirsiniz. &#8211;<\/p>\n","protected":false},"author":1,"featured_media":0,"parent":0,"menu_order":0,"comment_status":"open","ping_status":"open","template":"","meta":{"footnotes":""},"_links":{"self":[{"href":"http:\/\/www.kurufasulye.com\/index.php?rest_route=\/wp\/v2\/pages\/31"}],"collection":[{"href":"http:\/\/www.kurufasulye.com\/index.php?rest_route=\/wp\/v2\/pages"}],"about":[{"href":"http:\/\/www.kurufasulye.com\/index.php?rest_route=\/wp\/v2\/types\/page"}],"author":[{"embeddable":true,"href":"http:\/\/www.kurufasulye.com\/index.php?rest_route=\/wp\/v2\/users\/1"}],"replies":[{"embeddable":true,"href":"http:\/\/www.kurufasulye.com\/index.php?rest_route=%2Fwp%2Fv2%2Fcomments&post=31"}],"version-history":[{"count":1,"href":"http:\/\/www.kurufasulye.com\/index.php?rest_route=\/wp\/v2\/pages\/31\/revisions"}],"predecessor-version":[{"id":32,"href":"http:\/\/www.kurufasulye.com\/index.php?rest_route=\/wp\/v2\/pages\/31\/revisions\/32"}],"wp:attachment":[{"href":"http:\/\/www.kurufasulye.com\/index.php?rest_route=%2Fwp%2Fv2%2Fmedia&parent=31"}],"curies":[{"name":"wp","href":"https:\/\/api.w.org\/{rel}","templated":true}]}}